{"id":23,"date":"2023-10-25T09:40:10","date_gmt":"2023-10-25T09:40:10","guid":{"rendered":"https:\/\/vitalityspa.no\/?page_id=23"},"modified":"2024-09-09T11:58:22","modified_gmt":"2024-09-09T11:58:22","slug":"hjem","status":"publish","type":"page","link":"https:\/\/vitalityspa.no\/en\/","title":{"rendered":"Home"},"content":{"rendered":"<div data-elementor-type=\"wp-page\" data-elementor-id=\"23\" class=\"elementor elementor-23\" data-elementor-post-type=\"page\">\n\t\t\t\t\t\t<section class=\"elementor-section elementor-top-section elementor-element elementor-element-13f84f49 elementor-section-boxed elementor-section-height-default elementor-section-height-default\" data-id=\"13f84f49\" data-element_type=\"section\" data-settings=\"{&quot;background_background&quot;:&quot;classic&quot;}\">\n\t\t\t\t\t\t\t<div class=\"elementor-background-overlay\"><\/div>\n\t\t\t\t\t\t\t<div class=\"elementor-container elementor-column-gap-default\">\n\t\t\t\t\t<div class=\"elementor-column elementor-col-50 elementor-top-column elementor-element elementor-element-53e0d333\" data-id=\"53e0d333\" data-element_type=\"column\">\n\t\t\t<div class=\"elementor-widget-wrap elementor-element-populated\">\n\t\t\t\t\t\t<div class=\"elementor-element elementor-element-73eadd85 elementor-widget elementor-widget-heading\" data-id=\"73eadd85\" data-element_type=\"widget\" data-widget_type=\"heading.default\">\n\t\t\t\t<div class=\"elementor-widget-container\">\n\t\t\t<div class=\"elementor-heading-title elementor-size-default\">Balestrand<\/div>\t\t<\/div>\n\t\t\t\t<\/div>\n\t\t\t\t<div class=\"elementor-element elementor-element-cbe2aaf elementor-widget elementor-widget-heading\" data-id=\"cbe2aaf\" data-element_type=\"widget\" data-widget_type=\"heading.default\">\n\t\t\t\t<div class=\"elementor-widget-container\">\n\t\t\t<h1 class=\"elementor-heading-title elementor-size-default\">Vitality Spa<\/h1>\t\t<\/div>\n\t\t\t\t<\/div>\n\t\t\t\t<div class=\"elementor-element elementor-element-336ee29e elementor-widget-divider--view-line elementor-widget elementor-widget-divider\" data-id=\"336ee29e\" data-element_type=\"widget\" data-widget_type=\"divider.default\">\n\t\t\t\t<div class=\"elementor-widget-container\">\n\t\t\t\t\t<div class=\"elementor-divider\">\n\t\t\t<span class=\"elementor-divider-separator\">\n\t\t\t\t\t\t<\/span>\n\t\t<\/div>\n\t\t\t\t<\/div>\n\t\t\t\t<\/div>\n\t\t\t\t<div class=\"elementor-element elementor-element-a13d18b elementor-widget elementor-widget-text-editor\" data-id=\"a13d18b\" data-element_type=\"widget\" data-widget_type=\"text-editor.default\">\n\t\t\t\t<div class=\"elementor-widget-container\">\n\t\t\t\t\t\t\t<div class=\"page-section__generator page-section__generator--top g12-xs g11-md g10-lg g8-xl\"><div class=\"page-generator__text page-generator__text--top js-generator-text\"><div id=\"output\" class=\"page-generator__output js-generator-output\">Welcome to Vitality Spa in beautiful Balestrand! Around fantastic mountains and fjords, we offer not only the beauty of nature, but a haven for relaxation.<\/div><\/div><\/div>\t\t\t\t\t\t<\/div>\n\t\t\t\t<\/div>\n\t\t\t\t<div class=\"elementor-element elementor-element-451c24e2 e-grid-align-left elementor-shape-rounded elementor-grid-0 elementor-widget elementor-widget-social-icons\" data-id=\"451c24e2\" data-element_type=\"widget\" data-widget_type=\"social-icons.default\">\n\t\t\t\t<div class=\"elementor-widget-container\">\n\t\t\t\t\t<div class=\"elementor-social-icons-wrapper elementor-grid\">\n\t\t\t\t\t\t\t<span class=\"elementor-grid-item\">\n\t\t\t\t\t<a class=\"elementor-icon elementor-social-icon elementor-social-icon-instagram elementor-animation-float elementor-repeater-item-43eabf9\" href=\"https:\/\/www.instagram.com\/balestrand_vitality_spa\/\" target=\"_blank\" rel=\"noopener\">\n\t\t\t\t\t\t<span class=\"elementor-screen-only\">Instagram<\/span>\n\t\t\t\t\t\t<i class=\"fab fa-instagram\"><\/i>\t\t\t\t\t<\/a>\n\t\t\t\t<\/span>\n\t\t\t\t\t\t\t<span class=\"elementor-grid-item\">\n\t\t\t\t\t<a class=\"elementor-icon elementor-social-icon elementor-social-icon-facebook-f elementor-animation-float elementor-repeater-item-db28986\" href=\"https:\/\/www.facebook.com\/profile.php?id=61554848437443\" target=\"_blank\" rel=\"noopener\">\n\t\t\t\t\t\t<span class=\"elementor-screen-only\">Facebook-f<\/span>\n\t\t\t\t\t\t<i class=\"fab fa-facebook-f\"><\/i>\t\t\t\t\t<\/a>\n\t\t\t\t<\/span>\n\t\t\t\t\t<\/div>\n\t\t\t\t<\/div>\n\t\t\t\t<\/div>\n\t\t\t\t\t<\/div>\n\t\t<\/div>\n\t\t\t\t<div class=\"elementor-column elementor-col-50 elementor-top-column elementor-element elementor-element-7f742b1e\" data-id=\"7f742b1e\" data-element_type=\"column\">\n\t\t\t<div class=\"elementor-widget-wrap elementor-element-populated\">\n\t\t\t\t\t\t<div class=\"elementor-element elementor-element-d950992 elementor-widget elementor-widget-image\" data-id=\"d950992\" data-element_type=\"widget\" data-widget_type=\"image.default\">\n\t\t\t\t<div class=\"elementor-widget-container\">\n\t\t\t\t\t\t\t\t\t\t\t\t\t<img fetchpriority=\"high\" decoding=\"async\" width=\"500\" height=\"500\" src=\"https:\/\/vitalityspa.no\/wp-content\/uploads\/2023\/10\/Untitled-design-2023-10-25T134236.270.png\" class=\"attachment-large size-large wp-image-75\" alt=\"\" srcset=\"https:\/\/vitalityspa.no\/wp-content\/uploads\/2023\/10\/Untitled-design-2023-10-25T134236.270.png 500w, https:\/\/vitalityspa.no\/wp-content\/uploads\/2023\/10\/Untitled-design-2023-10-25T134236.270-300x300.png 300w, https:\/\/vitalityspa.no\/wp-content\/uploads\/2023\/10\/Untitled-design-2023-10-25T134236.270-150x150.png 150w, https:\/\/vitalityspa.no\/wp-content\/uploads\/2023\/10\/Untitled-design-2023-10-25T134236.270-12x12.png 12w\" sizes=\"(max-width: 500px) 100vw, 500px\" \/>\t\t\t\t\t\t\t\t\t\t\t\t\t<\/div>\n\t\t\t\t<\/div>\n\t\t\t\t\t<\/div>\n\t\t<\/div>\n\t\t\t\t\t<\/div>\n\t\t<\/section>\n\t\t\t\t<section class=\"elementor-section elementor-top-section elementor-element elementor-element-338da61 elementor-section-boxed elementor-section-height-default elementor-section-height-default\" data-id=\"338da61\" data-element_type=\"section\" data-settings=\"{&quot;background_background&quot;:&quot;gradient&quot;}\">\n\t\t\t\t\t\t\t<div class=\"elementor-background-overlay\"><\/div>\n\t\t\t\t\t\t\t<div class=\"elementor-container elementor-column-gap-default\">\n\t\t\t\t\t<div class=\"elementor-column elementor-col-33 elementor-top-column elementor-element elementor-element-955ff3a\" data-id=\"955ff3a\" data-element_type=\"column\" data-settings=\"{&quot;background_background&quot;:&quot;classic&quot;}\">\n\t\t\t<div class=\"elementor-widget-wrap elementor-element-populated\">\n\t\t\t\t\t\t<div class=\"elementor-element elementor-element-6396d7a elementor-widget elementor-widget-text-editor\" data-id=\"6396d7a\" data-element_type=\"widget\" data-widget_type=\"text-editor.default\">\n\t\t\t\t<div class=\"elementor-widget-container\">\n\t\t\t\t\t\t\t<div class=\"page-section__generator page-section__generator--top g12-xs g11-md g10-lg g8-xl\"><div class=\"page-generator__text page-generator__text--top js-generator-text\"><div id=\"output\" class=\"page-generator__output js-generator-output\">Our goal is simple: to make your experience exceptional. With extensive wellness expertise and a penchant for luxury, we are dedicated to providing the very best spa moments.<\/div><\/div><\/div>\t\t\t\t\t\t<\/div>\n\t\t\t\t<\/div>\n\t\t\t\t\t<\/div>\n\t\t<\/div>\n\t\t\t\t<div class=\"elementor-column elementor-col-33 elementor-top-column elementor-element elementor-element-94de4b4\" data-id=\"94de4b4\" data-element_type=\"column\">\n\t\t\t<div class=\"elementor-widget-wrap\">\n\t\t\t\t\t\t\t<\/div>\n\t\t<\/div>\n\t\t\t\t<div class=\"elementor-column elementor-col-33 elementor-top-column elementor-element elementor-element-3979572\" data-id=\"3979572\" data-element_type=\"column\">\n\t\t\t<div class=\"elementor-widget-wrap\">\n\t\t\t\t\t\t\t<\/div>\n\t\t<\/div>\n\t\t\t\t\t<\/div>\n\t\t<\/section>\n\t\t\t\t<section class=\"elementor-section elementor-top-section elementor-element elementor-element-076d1fe elementor-section-boxed elementor-section-height-default elementor-section-height-default\" data-id=\"076d1fe\" data-element_type=\"section\">\n\t\t\t\t\t\t<div class=\"elementor-container elementor-column-gap-default\">\n\t\t\t\t\t<div class=\"elementor-column elementor-col-50 elementor-top-column elementor-element elementor-element-59eff9c\" data-id=\"59eff9c\" data-element_type=\"column\">\n\t\t\t<div class=\"elementor-widget-wrap elementor-element-populated\">\n\t\t\t\t\t\t<div class=\"elementor-element elementor-element-f84bf16 elementor-widget elementor-widget-image\" data-id=\"f84bf16\" data-element_type=\"widget\" data-widget_type=\"image.default\">\n\t\t\t\t<div class=\"elementor-widget-container\">\n\t\t\t\t\t\t\t\t\t\t\t\t\t<img decoding=\"async\" width=\"800\" height=\"560\" src=\"https:\/\/vitalityspa.no\/wp-content\/uploads\/2023\/10\/Untitled-design-2023-10-25T143818.151.png\" class=\"attachment-large size-large wp-image-103\" alt=\"\" srcset=\"https:\/\/vitalityspa.no\/wp-content\/uploads\/2023\/10\/Untitled-design-2023-10-25T143818.151.png 1000w, https:\/\/vitalityspa.no\/wp-content\/uploads\/2023\/10\/Untitled-design-2023-10-25T143818.151-300x210.png 300w, https:\/\/vitalityspa.no\/wp-content\/uploads\/2023\/10\/Untitled-design-2023-10-25T143818.151-768x538.png 768w, https:\/\/vitalityspa.no\/wp-content\/uploads\/2023\/10\/Untitled-design-2023-10-25T143818.151-18x12.png 18w\" sizes=\"(max-width: 800px) 100vw, 800px\" \/>\t\t\t\t\t\t\t\t\t\t\t\t\t<\/div>\n\t\t\t\t<\/div>\n\t\t\t\t\t<\/div>\n\t\t<\/div>\n\t\t\t\t<div class=\"elementor-column elementor-col-50 elementor-top-column elementor-element elementor-element-5fba6d5\" data-id=\"5fba6d5\" data-element_type=\"column\">\n\t\t\t<div class=\"elementor-widget-wrap elementor-element-populated\">\n\t\t\t\t\t\t<div class=\"elementor-element elementor-element-742947c elementor-widget elementor-widget-heading\" data-id=\"742947c\" data-element_type=\"widget\" data-widget_type=\"heading.default\">\n\t\t\t\t<div class=\"elementor-widget-container\">\n\t\t\t<h2 class=\"elementor-heading-title elementor-size-default\">About us<\/h2>\t\t<\/div>\n\t\t\t\t<\/div>\n\t\t\t\t<div class=\"elementor-element elementor-element-c784dc3 elementor-widget elementor-widget-text-editor\" data-id=\"c784dc3\" data-element_type=\"widget\" data-widget_type=\"text-editor.default\">\n\t\t\t\t<div class=\"elementor-widget-container\">\n\t\t\t\t\t\t\t<p>Join us on this special journey. At Vitality Spa, your well-being is our highest priority. Welcome to a place where you can relax, refresh and enjoy every moment.<\/p>\t\t\t\t\t\t<\/div>\n\t\t\t\t<\/div>\n\t\t\t\t<div class=\"elementor-element elementor-element-f6b3723 elementor-widget elementor-widget-button\" data-id=\"f6b3723\" data-element_type=\"widget\" data-widget_type=\"button.default\">\n\t\t\t\t<div class=\"elementor-widget-container\">\n\t\t\t\t\t<div class=\"elementor-button-wrapper\">\n\t\t\t<a class=\"elementor-button elementor-button-link elementor-size-sm\" href=\"https:\/\/vitalityspa.no\/en\/om-oss\/\">\n\t\t\t\t\t\t<span class=\"elementor-button-content-wrapper\">\n\t\t\t\t\t\t\t\t\t<span class=\"elementor-button-text\">Read more<\/span>\n\t\t\t\t\t<\/span>\n\t\t\t\t\t<\/a>\n\t\t<\/div>\n\t\t\t\t<\/div>\n\t\t\t\t<\/div>\n\t\t\t\t\t<\/div>\n\t\t<\/div>\n\t\t\t\t\t<\/div>\n\t\t<\/section>\n\t\t\t\t<section class=\"elementor-section elementor-top-section elementor-element elementor-element-01cd0bb elementor-section-boxed elementor-section-height-default elementor-section-height-default\" data-id=\"01cd0bb\" data-element_type=\"section\" data-settings=\"{&quot;background_background&quot;:&quot;gradient&quot;}\">\n\t\t\t\t\t\t\t<div class=\"elementor-background-overlay\"><\/div>\n\t\t\t\t\t\t\t<div class=\"elementor-container elementor-column-gap-default\">\n\t\t\t\t\t<div class=\"elementor-column elementor-col-50 elementor-top-column elementor-element elementor-element-2b56b79\" data-id=\"2b56b79\" data-element_type=\"column\">\n\t\t\t<div class=\"elementor-widget-wrap elementor-element-populated\">\n\t\t\t\t\t\t<div class=\"elementor-element elementor-element-7c62ca0 elementor-widget elementor-widget-heading\" data-id=\"7c62ca0\" data-element_type=\"widget\" data-widget_type=\"heading.default\">\n\t\t\t\t<div class=\"elementor-widget-container\">\n\t\t\t<h2 class=\"elementor-heading-title elementor-size-default\">Treatments<\/h2>\t\t<\/div>\n\t\t\t\t<\/div>\n\t\t\t\t<div class=\"elementor-element elementor-element-1642408 elementor-widget elementor-widget-text-editor\" data-id=\"1642408\" data-element_type=\"widget\" data-widget_type=\"text-editor.default\">\n\t\t\t\t<div class=\"elementor-widget-container\">\n\t\t\t\t\t\t\t<div class=\"page-section__generator page-section__generator--top g12-xs g11-md g10-lg g8-xl\"><div class=\"page-generator__text page-generator__text--top js-generator-text\"><div id=\"output\" class=\"page-generator__output js-generator-output\">Discover a world of relaxation at the Vitality Spa, where we offer a range of rejuvenating services to enhance your well-being. Immerse yourself in the art of self-care with our offers.<\/div><\/div><\/div>\t\t\t\t\t\t<\/div>\n\t\t\t\t<\/div>\n\t\t\t\t<div class=\"elementor-element elementor-element-33c352b elementor-widget elementor-widget-button\" data-id=\"33c352b\" data-element_type=\"widget\" data-widget_type=\"button.default\">\n\t\t\t\t<div class=\"elementor-widget-container\">\n\t\t\t\t\t<div class=\"elementor-button-wrapper\">\n\t\t\t<a class=\"elementor-button elementor-button-link elementor-size-sm\" href=\"https:\/\/vitalityspa.no\/en\/behandlinger\/\">\n\t\t\t\t\t\t<span class=\"elementor-button-content-wrapper\">\n\t\t\t\t\t\t\t\t\t<span class=\"elementor-button-text\">Read more<\/span>\n\t\t\t\t\t<\/span>\n\t\t\t\t\t<\/a>\n\t\t<\/div>\n\t\t\t\t<\/div>\n\t\t\t\t<\/div>\n\t\t\t\t\t<\/div>\n\t\t<\/div>\n\t\t\t\t<div class=\"elementor-column elementor-col-50 elementor-top-column elementor-element elementor-element-b6fc0f1\" data-id=\"b6fc0f1\" data-element_type=\"column\">\n\t\t\t<div class=\"elementor-widget-wrap elementor-element-populated\">\n\t\t\t\t\t\t<div class=\"elementor-element elementor-element-515695c elementor-widget elementor-widget-image\" data-id=\"515695c\" data-element_type=\"widget\" data-widget_type=\"image.default\">\n\t\t\t\t<div class=\"elementor-widget-container\">\n\t\t\t\t\t\t\t\t\t\t\t\t\t<img decoding=\"async\" width=\"800\" height=\"531\" src=\"https:\/\/vitalityspa.no\/wp-content\/uploads\/2024\/01\/brown-towels-with-bamboo-candles-relax-spa-massage-1-1024x680.jpg\" class=\"attachment-large size-large wp-image-540\" alt=\"\" srcset=\"https:\/\/vitalityspa.no\/wp-content\/uploads\/2024\/01\/brown-towels-with-bamboo-candles-relax-spa-massage-1-1024x680.jpg 1024w, https:\/\/vitalityspa.no\/wp-content\/uploads\/2024\/01\/brown-towels-with-bamboo-candles-relax-spa-massage-1-300x199.jpg 300w, https:\/\/vitalityspa.no\/wp-content\/uploads\/2024\/01\/brown-towels-with-bamboo-candles-relax-spa-massage-1-768x510.jpg 768w, https:\/\/vitalityspa.no\/wp-content\/uploads\/2024\/01\/brown-towels-with-bamboo-candles-relax-spa-massage-1-1536x1020.jpg 1536w, https:\/\/vitalityspa.no\/wp-content\/uploads\/2024\/01\/brown-towels-with-bamboo-candles-relax-spa-massage-1-2048x1360.jpg 2048w, https:\/\/vitalityspa.no\/wp-content\/uploads\/2024\/01\/brown-towels-with-bamboo-candles-relax-spa-massage-1-18x12.jpg 18w\" sizes=\"(max-width: 800px) 100vw, 800px\" \/>\t\t\t\t\t\t\t\t\t\t\t\t\t<\/div>\n\t\t\t\t<\/div>\n\t\t\t\t\t<\/div>\n\t\t<\/div>\n\t\t\t\t\t<\/div>\n\t\t<\/section>\n\t\t\t\t<section class=\"elementor-section elementor-top-section elementor-element elementor-element-32f07f4 elementor-section-boxed elementor-section-height-default elementor-section-height-default\" data-id=\"32f07f4\" data-element_type=\"section\">\n\t\t\t\t\t\t<div class=\"elementor-container elementor-column-gap-default\">\n\t\t\t\t\t<div class=\"elementor-column elementor-col-50 elementor-top-column elementor-element elementor-element-c5e645b\" data-id=\"c5e645b\" data-element_type=\"column\">\n\t\t\t<div class=\"elementor-widget-wrap elementor-element-populated\">\n\t\t\t\t\t\t<div class=\"elementor-element elementor-element-75d1323 elementor-widget elementor-widget-image\" data-id=\"75d1323\" data-element_type=\"widget\" data-widget_type=\"image.default\">\n\t\t\t\t<div class=\"elementor-widget-container\">\n\t\t\t\t\t\t\t\t\t\t\t\t\t<img loading=\"lazy\" decoding=\"async\" width=\"1000\" height=\"700\" src=\"https:\/\/vitalityspa.no\/wp-content\/uploads\/2023\/11\/Untitled-design-2023-11-17T122522.557.png\" class=\"attachment-full size-full wp-image-391\" alt=\"\" srcset=\"https:\/\/vitalityspa.no\/wp-content\/uploads\/2023\/11\/Untitled-design-2023-11-17T122522.557.png 1000w, https:\/\/vitalityspa.no\/wp-content\/uploads\/2023\/11\/Untitled-design-2023-11-17T122522.557-300x210.png 300w, https:\/\/vitalityspa.no\/wp-content\/uploads\/2023\/11\/Untitled-design-2023-11-17T122522.557-768x538.png 768w, https:\/\/vitalityspa.no\/wp-content\/uploads\/2023\/11\/Untitled-design-2023-11-17T122522.557-18x12.png 18w\" sizes=\"(max-width: 1000px) 100vw, 1000px\" \/>\t\t\t\t\t\t\t\t\t\t\t\t\t<\/div>\n\t\t\t\t<\/div>\n\t\t\t\t\t<\/div>\n\t\t<\/div>\n\t\t\t\t<div class=\"elementor-column elementor-col-50 elementor-top-column elementor-element elementor-element-c5ee58b\" data-id=\"c5ee58b\" data-element_type=\"column\">\n\t\t\t<div class=\"elementor-widget-wrap elementor-element-populated\">\n\t\t\t\t\t\t<div class=\"elementor-element elementor-element-bb9e909 elementor-widget elementor-widget-heading\" data-id=\"bb9e909\" data-element_type=\"widget\" data-widget_type=\"heading.default\">\n\t\t\t\t<div class=\"elementor-widget-container\">\n\t\t\t<h2 class=\"elementor-heading-title elementor-size-default\">Welcome to our relaxing place in the center of Balestrand!<\/h2>\t\t<\/div>\n\t\t\t\t<\/div>\n\t\t\t\t<div class=\"elementor-element elementor-element-b16af99 elementor-widget elementor-widget-text-editor\" data-id=\"b16af99\" data-element_type=\"widget\" data-widget_type=\"text-editor.default\">\n\t\t\t\t<div class=\"elementor-widget-container\">\n\t\t\t\t\t\t\t<div class=\"page-section__generator page-section__generator--top g12-xs g11-md g10-lg g8-xl\"><div class=\"page-generator__text page-generator__text--top js-generator-text\"><div id=\"output\" class=\"page-generator__output js-generator-output\"><p>Take a break from the hustle and bustle and experience the peace at our cozy retreat in the center of Balestrand. It's all about you, designed for relaxation and self-care.<\/p><p>Here, we prioritize comfort. Every little detail is made for your rejuvenation, where friendliness meets professionalism.<\/p><p>Join us on a journey to tranquility at Our Relaxing Spot, where your happiness is our promise.<\/p><\/div><\/div><\/div>\t\t\t\t\t\t<\/div>\n\t\t\t\t<\/div>\n\t\t\t\t<div class=\"elementor-element elementor-element-abffe54 elementor-widget elementor-widget-button\" data-id=\"abffe54\" data-element_type=\"widget\" data-widget_type=\"button.default\">\n\t\t\t\t<div class=\"elementor-widget-container\">\n\t\t\t\t\t<div class=\"elementor-button-wrapper\">\n\t\t\t<a class=\"elementor-button elementor-button-link elementor-size-sm\" href=\"https:\/\/www.google.com\/maps\/place\/Vitality+Spa\/@61.2081303,6.5353995,15z\/data=!4m6!3m5!1s0x46161de3d4534527:0x6038cda50e5934b2!8m2!3d61.2081303!4d6.5353995!16s%2Fg%2F11vqs1rzx1?entry=ttu\" target=\"_blank\" rel=\"noopener\">\n\t\t\t\t\t\t<span class=\"elementor-button-content-wrapper\">\n\t\t\t\t\t\t\t\t\t<span class=\"elementor-button-text\">See you soon!\u00a0<\/span>\n\t\t\t\t\t<\/span>\n\t\t\t\t\t<\/a>\n\t\t<\/div>\n\t\t\t\t<\/div>\n\t\t\t\t<\/div>\n\t\t\t\t\t<\/div>\n\t\t<\/div>\n\t\t\t\t\t<\/div>\n\t\t<\/section>\n\t\t\t\t<\/div>","protected":false},"excerpt":{"rendered":"<p>Balestrand Vitality Spa Velkommen til Vitality Spa i vakre Balestrand! Rundt fantastiske fjell og fjorder tilbyr vi ikke bare naturens skj\u00f8nnhet, men et fristed for avslapning. Instagram Facebook-f M\u00e5let v\u00e5rt er enkelt: \u00e5 gj\u00f8re opplevelsen din eksepsjonell. Med omfattende velv\u00e6reekspertise og en forkj\u00e6rlighet for luksus, er vi dedikert til \u00e5 gi de aller beste spa-\u00f8yeblikkene. [&hellip;]<\/p>","protected":false},"author":1,"featured_media":0,"parent":0,"menu_order":0,"comment_status":"closed","ping_status":"closed","template":"","meta":{"rank_math_lock_modified_date":false,"footnotes":""},"class_list":["post-23","page","type-page","status-publish","hentry"],"_links":{"self":[{"href":"https:\/\/vitalityspa.no\/en\/wp-json\/wp\/v2\/pages\/23"}],"collection":[{"href":"https:\/\/vitalityspa.no\/en\/wp-json\/wp\/v2\/pages"}],"about":[{"href":"https:\/\/vitalityspa.no\/en\/wp-json\/wp\/v2\/types\/page"}],"author":[{"embeddable":true,"href":"https:\/\/vitalityspa.no\/en\/wp-json\/wp\/v2\/users\/1"}],"replies":[{"embeddable":true,"href":"https:\/\/vitalityspa.no\/en\/wp-json\/wp\/v2\/comments?post=23"}],"version-history":[{"count":74,"href":"https:\/\/vitalityspa.no\/en\/wp-json\/wp\/v2\/pages\/23\/revisions"}],"predecessor-version":[{"id":649,"href":"https:\/\/vitalityspa.no\/en\/wp-json\/wp\/v2\/pages\/23\/revisions\/649"}],"wp:attachment":[{"href":"https:\/\/vitalityspa.no\/en\/wp-json\/wp\/v2\/media?parent=23"}],"curies":[{"name":"wp","href":"https:\/\/api.w.org\/{rel}","templated":true}]}}