{"id":179,"date":"2023-11-14T16:07:08","date_gmt":"2023-11-14T16:07:08","guid":{"rendered":"https:\/\/vitalityspa.no\/?page_id=179"},"modified":"2024-02-02T11:29:00","modified_gmt":"2024-02-02T11:29:00","slug":"ansikt","status":"publish","type":"page","link":"https:\/\/vitalityspa.no\/en\/behandlinger\/ansikt\/","title":{"rendered":"Face"},"content":{"rendered":"<div data-elementor-type=\"wp-page\" data-elementor-id=\"179\" class=\"elementor elementor-179\" data-elementor-post-type=\"page\">\n\t\t\t\t\t\t<section class=\"elementor-section elementor-top-section elementor-element elementor-element-13f84f49 elementor-section-boxed elementor-section-height-default elementor-section-height-default\" data-id=\"13f84f49\" data-element_type=\"section\" data-settings=\"{&quot;background_background&quot;:&quot;classic&quot;}\">\n\t\t\t\t\t\t\t<div class=\"elementor-background-overlay\"><\/div>\n\t\t\t\t\t\t\t<div class=\"elementor-container elementor-column-gap-default\">\n\t\t\t\t\t<div class=\"elementor-column elementor-col-50 elementor-top-column elementor-element elementor-element-53e0d333\" data-id=\"53e0d333\" data-element_type=\"column\">\n\t\t\t<div class=\"elementor-widget-wrap elementor-element-populated\">\n\t\t\t\t\t\t<div class=\"elementor-element elementor-element-73eadd85 elementor-widget elementor-widget-heading\" data-id=\"73eadd85\" data-element_type=\"widget\" data-widget_type=\"heading.default\">\n\t\t\t\t<div class=\"elementor-widget-container\">\n\t\t\t<div class=\"elementor-heading-title elementor-size-default\">Facial treatments<\/div>\t\t<\/div>\n\t\t\t\t<\/div>\n\t\t\t\t<div class=\"elementor-element elementor-element-cbe2aaf elementor-widget elementor-widget-heading\" data-id=\"cbe2aaf\" data-element_type=\"widget\" data-widget_type=\"heading.default\">\n\t\t\t\t<div class=\"elementor-widget-container\">\n\t\t\t<h1 class=\"elementor-heading-title elementor-size-default\">Refresh your face for a natural glow<\/h1>\t\t<\/div>\n\t\t\t\t<\/div>\n\t\t\t\t<div class=\"elementor-element elementor-element-336ee29e elementor-widget-divider--view-line elementor-widget elementor-widget-divider\" data-id=\"336ee29e\" data-element_type=\"widget\" data-widget_type=\"divider.default\">\n\t\t\t\t<div class=\"elementor-widget-container\">\n\t\t\t\t\t<div class=\"elementor-divider\">\n\t\t\t<span class=\"elementor-divider-separator\">\n\t\t\t\t\t\t<\/span>\n\t\t<\/div>\n\t\t\t\t<\/div>\n\t\t\t\t<\/div>\n\t\t\t\t<div class=\"elementor-element elementor-element-a13d18b elementor-widget elementor-widget-text-editor\" data-id=\"a13d18b\" data-element_type=\"widget\" data-widget_type=\"text-editor.default\">\n\t\t\t\t<div class=\"elementor-widget-container\">\n\t\t\t\t\t\t\t<div>\n<div>\n<p>Discover the transformative benefits of our facials \u2013 a blend of exquisite techniques to reduce fine lines and age spots, and hydrate your skin.&nbsp;<\/p>\n<p>Enhance your skincare experience with Thalgo, a prestigious French brand inspired by the five seas. With over 50 years of expertise, Thalgo provides you with marine cosmetics that are innovative, effective and provide a unique sensory experience. Our facials contain Thalgo's patented seaweed, which preserves minerals and proteins for a radiant, revitalized complexion.<\/p>\n<\/div>\n<\/div>\t\t\t\t\t\t<\/div>\n\t\t\t\t<\/div>\n\t\t\t\t<div class=\"elementor-element elementor-element-d73d35d elementor-align-left elementor-widget elementor-widget-button\" data-id=\"d73d35d\" data-element_type=\"widget\" data-widget_type=\"button.default\">\n\t\t\t\t<div class=\"elementor-widget-container\">\n\t\t\t\t\t<div class=\"elementor-button-wrapper\">\n\t\t\t<a class=\"elementor-button elementor-button-link elementor-size-md\" href=\"https:\/\/vitalityspa.no\/en\/book-appointment\/\">\n\t\t\t\t\t\t<span class=\"elementor-button-content-wrapper\">\n\t\t\t\t\t\t\t\t\t<span class=\"elementor-button-text\">make an appointment<\/span>\n\t\t\t\t\t<\/span>\n\t\t\t\t\t<\/a>\n\t\t<\/div>\n\t\t\t\t<\/div>\n\t\t\t\t<\/div>\n\t\t\t\t\t<\/div>\n\t\t<\/div>\n\t\t\t\t<div class=\"elementor-column elementor-col-50 elementor-top-column elementor-element elementor-element-7f742b1e\" data-id=\"7f742b1e\" data-element_type=\"column\">\n\t\t\t<div class=\"elementor-widget-wrap elementor-element-populated\">\n\t\t\t\t\t\t<div class=\"elementor-element elementor-element-8539768 elementor-widget elementor-widget-image\" data-id=\"8539768\" data-element_type=\"widget\" data-widget_type=\"image.default\">\n\t\t\t\t<div class=\"elementor-widget-container\">\n\t\t\t\t\t\t\t\t\t\t\t\t\t<img fetchpriority=\"high\" decoding=\"async\" width=\"800\" height=\"560\" src=\"https:\/\/vitalityspa.no\/wp-content\/uploads\/2023\/10\/Untitled-design-2023-10-25T150659.148.png\" class=\"attachment-large size-large wp-image-115\" alt=\"\" srcset=\"https:\/\/vitalityspa.no\/wp-content\/uploads\/2023\/10\/Untitled-design-2023-10-25T150659.148.png 1000w, https:\/\/vitalityspa.no\/wp-content\/uploads\/2023\/10\/Untitled-design-2023-10-25T150659.148-300x210.png 300w, https:\/\/vitalityspa.no\/wp-content\/uploads\/2023\/10\/Untitled-design-2023-10-25T150659.148-768x538.png 768w, https:\/\/vitalityspa.no\/wp-content\/uploads\/2023\/10\/Untitled-design-2023-10-25T150659.148-18x12.png 18w\" sizes=\"(max-width: 800px) 100vw, 800px\" \/>\t\t\t\t\t\t\t\t\t\t\t\t\t<\/div>\n\t\t\t\t<\/div>\n\t\t\t\t\t<\/div>\n\t\t<\/div>\n\t\t\t\t\t<\/div>\n\t\t<\/section>\n\t\t\t\t<section class=\"elementor-section elementor-top-section elementor-element elementor-element-076d1fe elementor-reverse-mobile elementor-section-boxed elementor-section-height-default elementor-section-height-default\" data-id=\"076d1fe\" data-element_type=\"section\">\n\t\t\t\t\t\t<div class=\"elementor-container elementor-column-gap-default\">\n\t\t\t\t\t<div class=\"elementor-column elementor-col-50 elementor-top-column elementor-element elementor-element-59eff9c\" data-id=\"59eff9c\" data-element_type=\"column\">\n\t\t\t<div class=\"elementor-widget-wrap elementor-element-populated\">\n\t\t\t\t\t\t<div class=\"elementor-element elementor-element-f84bf16 elementor-widget elementor-widget-image\" data-id=\"f84bf16\" data-element_type=\"widget\" data-widget_type=\"image.default\">\n\t\t\t\t<div class=\"elementor-widget-container\">\n\t\t\t\t\t\t\t\t\t\t\t\t\t<img decoding=\"async\" width=\"800\" height=\"560\" src=\"https:\/\/vitalityspa.no\/wp-content\/uploads\/2023\/11\/Untitled-design-2023-11-16T132848.361.png\" class=\"attachment-large size-large wp-image-329\" alt=\"\" srcset=\"https:\/\/vitalityspa.no\/wp-content\/uploads\/2023\/11\/Untitled-design-2023-11-16T132848.361.png 1000w, https:\/\/vitalityspa.no\/wp-content\/uploads\/2023\/11\/Untitled-design-2023-11-16T132848.361-300x210.png 300w, https:\/\/vitalityspa.no\/wp-content\/uploads\/2023\/11\/Untitled-design-2023-11-16T132848.361-768x538.png 768w, https:\/\/vitalityspa.no\/wp-content\/uploads\/2023\/11\/Untitled-design-2023-11-16T132848.361-18x12.png 18w\" sizes=\"(max-width: 800px) 100vw, 800px\" \/>\t\t\t\t\t\t\t\t\t\t\t\t\t<\/div>\n\t\t\t\t<\/div>\n\t\t\t\t\t<\/div>\n\t\t<\/div>\n\t\t\t\t<div class=\"elementor-column elementor-col-50 elementor-top-column elementor-element elementor-element-d5032d5\" data-id=\"d5032d5\" data-element_type=\"column\">\n\t\t\t<div class=\"elementor-widget-wrap elementor-element-populated\">\n\t\t\t\t\t\t<section class=\"elementor-section elementor-inner-section elementor-element elementor-element-6b2cab47 elementor-section-boxed elementor-section-height-default elementor-section-height-default\" data-id=\"6b2cab47\" data-element_type=\"section\" data-settings=\"{&quot;background_background&quot;:&quot;classic&quot;}\">\n\t\t\t\t\t\t<div class=\"elementor-container elementor-column-gap-default\">\n\t\t\t\t\t<div class=\"elementor-column elementor-col-50 elementor-inner-column elementor-element elementor-element-1955ab10\" data-id=\"1955ab10\" data-element_type=\"column\">\n\t\t\t<div class=\"elementor-widget-wrap elementor-element-populated\">\n\t\t\t\t\t\t<div class=\"elementor-element elementor-element-7ca70f73 elementor-widget elementor-widget-heading\" data-id=\"7ca70f73\" data-element_type=\"widget\" data-widget_type=\"heading.default\">\n\t\t\t\t<div class=\"elementor-widget-container\">\n\t\t\t<div class=\"elementor-heading-title elementor-size-default\">Nutritional facial rejuvenation 60 min<\/div>\t\t<\/div>\n\t\t\t\t<\/div>\n\t\t\t\t\t<\/div>\n\t\t<\/div>\n\t\t\t\t<div class=\"elementor-column elementor-col-50 elementor-inner-column elementor-element elementor-element-67578d3b\" data-id=\"67578d3b\" data-element_type=\"column\">\n\t\t\t<div class=\"elementor-widget-wrap elementor-element-populated\">\n\t\t\t\t\t\t<div class=\"elementor-element elementor-element-45e5a692 elementor-widget elementor-widget-heading\" data-id=\"45e5a692\" data-element_type=\"widget\" data-widget_type=\"heading.default\">\n\t\t\t\t<div class=\"elementor-widget-container\">\n\t\t\t<div class=\"elementor-heading-title elementor-size-default\">900 Kr<\/div>\t\t<\/div>\n\t\t\t\t<\/div>\n\t\t\t\t\t<\/div>\n\t\t<\/div>\n\t\t\t\t\t<\/div>\n\t\t<\/section>\n\t\t\t\t<div class=\"elementor-element elementor-element-f7a7b97 elementor-widget elementor-widget-text-editor\" data-id=\"f7a7b97\" data-element_type=\"widget\" data-widget_type=\"text-editor.default\">\n\t\t\t\t<div class=\"elementor-widget-container\">\n\t\t\t\t\t\t\t<div class=\"page-section__generator page-section__generator--top g12-xs g11-md g10-lg g8-xl\"><div class=\"page-generator__text page-generator__text--top js-generator-text\"><div id=\"output\" class=\"page-generator__output js-generator-output\"><p>Experience our Nutritional Face Rejuvenation treatment, a 60-minute session. It includes skin cleansing, toning, gentle exfoliation to refresh your skin and a soothing facial massage.<\/p><p>We use a nourishing ampule to rejuvenate your skin and follow it with a nourishing face mask to enhance your glow. Special care is given to the delicate eye area with an eye cream, and we finish with a face cream to leave your sensitive and dry skin nourished and refreshed.<\/p><p>This treatment is designed to provide your skin with the essential nutrients it needs, making it perfect for those with sensitive and dry skin who want to look and feel their best.<\/p><\/div><\/div><\/div>\t\t\t\t\t\t<\/div>\n\t\t\t\t<\/div>\n\t\t\t\t\t<\/div>\n\t\t<\/div>\n\t\t\t\t\t<\/div>\n\t\t<\/section>\n\t\t\t\t<\/div>","protected":false},"excerpt":{"rendered":"<p>Ansiktsbehandlinger Frisk opp ansiktet for en naturlig gl\u00f8d. Oppdag de transformative fordelene med ansiktsbehandlingene v\u00e5re &#8211; en blanding av uts\u00f8kte teknikker for \u00e5 redusere fine linjer og aldersflekker, og hydrere huden din.&nbsp; \u00d8k din hudpleieopplevelse med Thalgo, et prestisjefylt fransk merke inspirert av de fem hav. Med over 50 \u00e5r med ekspertise, Thalgo&nbsp;gir deg marin [&hellip;]<\/p>","protected":false},"author":1,"featured_media":0,"parent":25,"menu_order":0,"comment_status":"closed","ping_status":"closed","template":"","meta":{"rank_math_lock_modified_date":false,"footnotes":""},"class_list":["post-179","page","type-page","status-publish","hentry"],"_links":{"self":[{"href":"https:\/\/vitalityspa.no\/en\/wp-json\/wp\/v2\/pages\/179"}],"collection":[{"href":"https:\/\/vitalityspa.no\/en\/wp-json\/wp\/v2\/pages"}],"about":[{"href":"https:\/\/vitalityspa.no\/en\/wp-json\/wp\/v2\/types\/page"}],"author":[{"embeddable":true,"href":"https:\/\/vitalityspa.no\/en\/wp-json\/wp\/v2\/users\/1"}],"replies":[{"embeddable":true,"href":"https:\/\/vitalityspa.no\/en\/wp-json\/wp\/v2\/comments?post=179"}],"version-history":[{"count":40,"href":"https:\/\/vitalityspa.no\/en\/wp-json\/wp\/v2\/pages\/179\/revisions"}],"predecessor-version":[{"id":561,"href":"https:\/\/vitalityspa.no\/en\/wp-json\/wp\/v2\/pages\/179\/revisions\/561"}],"up":[{"embeddable":true,"href":"https:\/\/vitalityspa.no\/en\/wp-json\/wp\/v2\/pages\/25"}],"wp:attachment":[{"href":"https:\/\/vitalityspa.no\/en\/wp-json\/wp\/v2\/media?parent=179"}],"curies":[{"name":"wp","href":"https:\/\/api.w.org\/{rel}","templated":true}]}}