{"id":121,"date":"2023-11-08T09:31:48","date_gmt":"2023-11-08T09:31:48","guid":{"rendered":"https:\/\/vitalityspa.no\/?page_id=121"},"modified":"2024-09-09T10:07:37","modified_gmt":"2024-09-09T10:07:37","slug":"om-oss","status":"publish","type":"page","link":"https:\/\/vitalityspa.no\/en\/om-oss\/","title":{"rendered":"About us"},"content":{"rendered":"<div data-elementor-type=\"wp-page\" data-elementor-id=\"121\" class=\"elementor elementor-121\" data-elementor-post-type=\"page\">\n\t\t\t\t\t\t<section class=\"elementor-section elementor-top-section elementor-element elementor-element-13f84f49 elementor-section-boxed elementor-section-height-default elementor-section-height-default\" data-id=\"13f84f49\" data-element_type=\"section\" data-settings=\"{&quot;background_background&quot;:&quot;classic&quot;}\">\n\t\t\t\t\t\t\t<div class=\"elementor-background-overlay\"><\/div>\n\t\t\t\t\t\t\t<div class=\"elementor-container elementor-column-gap-default\">\n\t\t\t\t\t<div class=\"elementor-column elementor-col-50 elementor-top-column elementor-element elementor-element-53e0d333\" data-id=\"53e0d333\" data-element_type=\"column\">\n\t\t\t<div class=\"elementor-widget-wrap elementor-element-populated\">\n\t\t\t\t\t\t<div class=\"elementor-element elementor-element-73eadd85 elementor-widget elementor-widget-heading\" data-id=\"73eadd85\" data-element_type=\"widget\" data-widget_type=\"heading.default\">\n\t\t\t\t<div class=\"elementor-widget-container\">\n\t\t\t<div class=\"elementor-heading-title elementor-size-default\">Vitality Spa<\/div>\t\t<\/div>\n\t\t\t\t<\/div>\n\t\t\t\t<div class=\"elementor-element elementor-element-cbe2aaf elementor-widget elementor-widget-heading\" data-id=\"cbe2aaf\" data-element_type=\"widget\" data-widget_type=\"heading.default\">\n\t\t\t\t<div class=\"elementor-widget-container\">\n\t\t\t<h1 class=\"elementor-heading-title elementor-size-default\">About us<\/h1>\t\t<\/div>\n\t\t\t\t<\/div>\n\t\t\t\t<div class=\"elementor-element elementor-element-336ee29e elementor-widget-divider--view-line elementor-widget elementor-widget-divider\" data-id=\"336ee29e\" data-element_type=\"widget\" data-widget_type=\"divider.default\">\n\t\t\t\t<div class=\"elementor-widget-container\">\n\t\t\t\t\t<div class=\"elementor-divider\">\n\t\t\t<span class=\"elementor-divider-separator\">\n\t\t\t\t\t\t<\/span>\n\t\t<\/div>\n\t\t\t\t<\/div>\n\t\t\t\t<\/div>\n\t\t\t\t<div class=\"elementor-element elementor-element-a13d18b elementor-widget elementor-widget-text-editor\" data-id=\"a13d18b\" data-element_type=\"widget\" data-widget_type=\"text-editor.default\">\n\t\t\t\t<div class=\"elementor-widget-container\">\n\t\t\t\t\t\t\t<div class=\"page-section__generator page-section__generator--top g12-xs g11-md g10-lg g8-xl\"><div class=\"page-generator__text page-generator__text--top js-generator-text\"><div id=\"output\" class=\"page-generator__output js-generator-output\">We are pleased to inform you that we have opened Vitality Spa in beautiful Balestrand. Surrounded by amazing mountains and fjords, we are here to offer you not only the beauty of nature, but also a place to relax and feel good.<\/div><\/div><\/div>\t\t\t\t\t\t<\/div>\n\t\t\t\t<\/div>\n\t\t\t\t<div class=\"elementor-element elementor-element-451c24e2 e-grid-align-left elementor-shape-rounded elementor-grid-0 elementor-widget elementor-widget-social-icons\" data-id=\"451c24e2\" data-element_type=\"widget\" data-widget_type=\"social-icons.default\">\n\t\t\t\t<div class=\"elementor-widget-container\">\n\t\t\t\t\t<div class=\"elementor-social-icons-wrapper elementor-grid\">\n\t\t\t\t\t\t\t<span class=\"elementor-grid-item\">\n\t\t\t\t\t<a class=\"elementor-icon elementor-social-icon elementor-social-icon-instagram elementor-animation-float elementor-repeater-item-43eabf9\" href=\"https:\/\/www.instagram.com\/balestrand_vitality_spa\/\" target=\"_blank\" rel=\"noopener\">\n\t\t\t\t\t\t<span class=\"elementor-screen-only\">Instagram<\/span>\n\t\t\t\t\t\t<i class=\"fab fa-instagram\"><\/i>\t\t\t\t\t<\/a>\n\t\t\t\t<\/span>\n\t\t\t\t\t\t\t<span class=\"elementor-grid-item\">\n\t\t\t\t\t<a class=\"elementor-icon elementor-social-icon elementor-social-icon-facebook elementor-animation-float elementor-repeater-item-191eeda\" href=\"https:\/\/www.facebook.com\/profile.php?id=61554848437443\" target=\"_blank\" rel=\"noopener\">\n\t\t\t\t\t\t<span class=\"elementor-screen-only\">Facebook<\/span>\n\t\t\t\t\t\t<i class=\"fab fa-facebook\"><\/i>\t\t\t\t\t<\/a>\n\t\t\t\t<\/span>\n\t\t\t\t\t<\/div>\n\t\t\t\t<\/div>\n\t\t\t\t<\/div>\n\t\t\t\t\t<\/div>\n\t\t<\/div>\n\t\t\t\t<div class=\"elementor-column elementor-col-50 elementor-top-column elementor-element elementor-element-7f742b1e\" data-id=\"7f742b1e\" data-element_type=\"column\">\n\t\t\t<div class=\"elementor-widget-wrap elementor-element-populated\">\n\t\t\t\t\t\t<div class=\"elementor-element elementor-element-fca6853 elementor-widget elementor-widget-image\" data-id=\"fca6853\" data-element_type=\"widget\" data-widget_type=\"image.default\">\n\t\t\t\t<div class=\"elementor-widget-container\">\n\t\t\t\t\t\t\t\t\t\t\t\t\t<img fetchpriority=\"high\" decoding=\"async\" width=\"500\" height=\"500\" src=\"https:\/\/vitalityspa.no\/wp-content\/uploads\/2023\/10\/Untitled-design-2023-10-25T134432.172.png\" class=\"attachment-large size-large wp-image-77\" alt=\"\" srcset=\"https:\/\/vitalityspa.no\/wp-content\/uploads\/2023\/10\/Untitled-design-2023-10-25T134432.172.png 500w, https:\/\/vitalityspa.no\/wp-content\/uploads\/2023\/10\/Untitled-design-2023-10-25T134432.172-300x300.png 300w, https:\/\/vitalityspa.no\/wp-content\/uploads\/2023\/10\/Untitled-design-2023-10-25T134432.172-150x150.png 150w, https:\/\/vitalityspa.no\/wp-content\/uploads\/2023\/10\/Untitled-design-2023-10-25T134432.172-12x12.png 12w\" sizes=\"(max-width: 500px) 100vw, 500px\" \/>\t\t\t\t\t\t\t\t\t\t\t\t\t<\/div>\n\t\t\t\t<\/div>\n\t\t\t\t\t<\/div>\n\t\t<\/div>\n\t\t\t\t\t<\/div>\n\t\t<\/section>\n\t\t\t\t<section class=\"elementor-section elementor-top-section elementor-element elementor-element-338da61 elementor-section-boxed elementor-section-height-default elementor-section-height-default\" data-id=\"338da61\" data-element_type=\"section\" data-settings=\"{&quot;background_background&quot;:&quot;gradient&quot;}\">\n\t\t\t\t\t\t\t<div class=\"elementor-background-overlay\"><\/div>\n\t\t\t\t\t\t\t<div class=\"elementor-container elementor-column-gap-default\">\n\t\t\t\t\t<div class=\"elementor-column elementor-col-33 elementor-top-column elementor-element elementor-element-955ff3a\" data-id=\"955ff3a\" data-element_type=\"column\" data-settings=\"{&quot;background_background&quot;:&quot;classic&quot;}\">\n\t\t\t<div class=\"elementor-widget-wrap elementor-element-populated\">\n\t\t\t\t\t\t<div class=\"elementor-element elementor-element-6396d7a elementor-widget elementor-widget-text-editor\" data-id=\"6396d7a\" data-element_type=\"widget\" data-widget_type=\"text-editor.default\">\n\t\t\t\t<div class=\"elementor-widget-container\">\n\t\t\t\t\t\t\t<div class=\"page-section__generator page-section__generator--top g12-xs g11-md g10-lg g8-xl\"><div class=\"page-generator__text page-generator__text--top js-generator-text\"><div id=\"output\" class=\"page-generator__output js-generator-output\">Our goal is to make your experience exceptional and unforgettable. With extensive experience in the wellness industry and a passion for luxury, we are committed to providing you with the very best spa experience.<\/div><\/div><\/div>\t\t\t\t\t\t<\/div>\n\t\t\t\t<\/div>\n\t\t\t\t\t<\/div>\n\t\t<\/div>\n\t\t\t\t<div class=\"elementor-column elementor-col-33 elementor-top-column elementor-element elementor-element-94de4b4\" data-id=\"94de4b4\" data-element_type=\"column\">\n\t\t\t<div class=\"elementor-widget-wrap\">\n\t\t\t\t\t\t\t<\/div>\n\t\t<\/div>\n\t\t\t\t<div class=\"elementor-column elementor-col-33 elementor-top-column elementor-element elementor-element-3979572\" data-id=\"3979572\" data-element_type=\"column\">\n\t\t\t<div class=\"elementor-widget-wrap\">\n\t\t\t\t\t\t\t<\/div>\n\t\t<\/div>\n\t\t\t\t\t<\/div>\n\t\t<\/section>\n\t\t\t\t<section class=\"elementor-section elementor-top-section elementor-element elementor-element-076d1fe elementor-section-boxed elementor-section-height-default elementor-section-height-default\" data-id=\"076d1fe\" data-element_type=\"section\">\n\t\t\t\t\t\t<div class=\"elementor-container elementor-column-gap-default\">\n\t\t\t\t\t<div class=\"elementor-column elementor-col-50 elementor-top-column elementor-element elementor-element-59eff9c\" data-id=\"59eff9c\" data-element_type=\"column\">\n\t\t\t<div class=\"elementor-widget-wrap elementor-element-populated\">\n\t\t\t\t\t\t<div class=\"elementor-element elementor-element-f84bf16 elementor-widget elementor-widget-image\" data-id=\"f84bf16\" data-element_type=\"widget\" data-widget_type=\"image.default\">\n\t\t\t\t<div class=\"elementor-widget-container\">\n\t\t\t\t\t\t\t\t\t\t\t\t\t<img decoding=\"async\" width=\"800\" height=\"640\" src=\"https:\/\/vitalityspa.no\/wp-content\/uploads\/2024\/01\/Untitled-design-2024-01-12T073722.629.png\" class=\"attachment-large size-large wp-image-531\" alt=\"\" srcset=\"https:\/\/vitalityspa.no\/wp-content\/uploads\/2024\/01\/Untitled-design-2024-01-12T073722.629.png 1000w, https:\/\/vitalityspa.no\/wp-content\/uploads\/2024\/01\/Untitled-design-2024-01-12T073722.629-300x240.png 300w, https:\/\/vitalityspa.no\/wp-content\/uploads\/2024\/01\/Untitled-design-2024-01-12T073722.629-768x614.png 768w, https:\/\/vitalityspa.no\/wp-content\/uploads\/2024\/01\/Untitled-design-2024-01-12T073722.629-15x12.png 15w\" sizes=\"(max-width: 800px) 100vw, 800px\" \/>\t\t\t\t\t\t\t\t\t\t\t\t\t<\/div>\n\t\t\t\t<\/div>\n\t\t\t\t\t<\/div>\n\t\t<\/div>\n\t\t\t\t<div class=\"elementor-column elementor-col-50 elementor-top-column elementor-element elementor-element-5fba6d5\" data-id=\"5fba6d5\" data-element_type=\"column\">\n\t\t\t<div class=\"elementor-widget-wrap elementor-element-populated\">\n\t\t\t\t\t\t<div class=\"elementor-element elementor-element-742947c elementor-widget elementor-widget-heading\" data-id=\"742947c\" data-element_type=\"widget\" data-widget_type=\"heading.default\">\n\t\t\t\t<div class=\"elementor-widget-container\">\n\t\t\t<h2 class=\"elementor-heading-title elementor-size-default\">Discover relaxation at the Vitality Spa<\/h2>\t\t<\/div>\n\t\t\t\t<\/div>\n\t\t\t\t<div class=\"elementor-element elementor-element-c784dc3 elementor-widget elementor-widget-text-editor\" data-id=\"c784dc3\" data-element_type=\"widget\" data-widget_type=\"text-editor.default\">\n\t\t\t\t<div class=\"elementor-widget-container\">\n\t\t\t\t\t\t\t<div class=\"page-section__generator page-section__generator--top g12-xs g11-md g10-lg g8-xl\"><div class=\"page-generator__text page-generator__text--top js-generator-text\"><div id=\"output\" class=\"page-generator__output js-generator-output\">We would like you to be a part of this special journey with us. At Vitality Spa, your well-being is what matters most to us. Welcome to a place where you can relax, refresh and enjoy every moment.<\/div><\/div><\/div>\t\t\t\t\t\t<\/div>\n\t\t\t\t<\/div>\n\t\t\t\t<div class=\"elementor-element elementor-element-f6b3723 elementor-widget elementor-widget-button\" data-id=\"f6b3723\" data-element_type=\"widget\" data-widget_type=\"button.default\">\n\t\t\t\t<div class=\"elementor-widget-container\">\n\t\t\t\t\t<div class=\"elementor-button-wrapper\">\n\t\t\t<a class=\"elementor-button elementor-button-link elementor-size-sm\" href=\"https:\/\/vitalityspa.no\/en\/behandlinger\/\">\n\t\t\t\t\t\t<span class=\"elementor-button-content-wrapper\">\n\t\t\t\t\t\t\t\t\t<span class=\"elementor-button-text\">Treatments<\/span>\n\t\t\t\t\t<\/span>\n\t\t\t\t\t<\/a>\n\t\t<\/div>\n\t\t\t\t<\/div>\n\t\t\t\t<\/div>\n\t\t\t\t\t<\/div>\n\t\t<\/div>\n\t\t\t\t\t<\/div>\n\t\t<\/section>\n\t\t\t\t<section class=\"elementor-section elementor-top-section elementor-element elementor-element-a7c9236 elementor-section-boxed elementor-section-height-default elementor-section-height-default\" data-id=\"a7c9236\" data-element_type=\"section\">\n\t\t\t\t\t\t<div class=\"elementor-container elementor-column-gap-default\">\n\t\t\t\t\t<div class=\"elementor-column elementor-col-50 elementor-top-column elementor-element elementor-element-1e1bd39\" data-id=\"1e1bd39\" data-element_type=\"column\">\n\t\t\t<div class=\"elementor-widget-wrap elementor-element-populated\">\n\t\t\t\t\t\t<div class=\"elementor-element elementor-element-2f02272 elementor-widget elementor-widget-heading\" data-id=\"2f02272\" data-element_type=\"widget\" data-widget_type=\"heading.default\">\n\t\t\t\t<div class=\"elementor-widget-container\">\n\t\t\t<h2 class=\"elementor-heading-title elementor-size-default\">Meet Helena - your expert spa therapist<\/h2>\t\t<\/div>\n\t\t\t\t<\/div>\n\t\t\t\t<div class=\"elementor-element elementor-element-3977481 elementor-widget elementor-widget-text-editor\" data-id=\"3977481\" data-element_type=\"widget\" data-widget_type=\"text-editor.default\">\n\t\t\t\t<div class=\"elementor-widget-container\">\n\t\t\t\t\t\t\t<div class=\"page-section__generator page-section__generator--top g12-xs g11-md g10-lg g8-xl\"><div class=\"page-generator__text page-generator__text--top js-generator-text\"><div id=\"output\" class=\"page-generator__output js-generator-output\"><p>Hi, I'm Helena, your dedicated spa therapist, and I'm here to elevate your wellness experience in the tranquil oasis of Balestrand, Norway. With over ten years of experience in the spa industry, I have mastered my craft to provide you with a range of specialized services designed to make you look and feel your best.<\/p><p>My journey began as a beautician, where I specialized in massage, facials, hair removal and makeup artistry. Over the years I have perfected these skills to ensure that each client receives the utmost care and attention.<\/p><p>While striving for excellence in all areas of the spa world, I pursued additional education to master the art of pedicures and manicures. This additional training complements my extensive skill set and allows me to offer you a holistic spa experience from head to toe.<\/p><p>My passion for beauty and well-being led me to work with famous brands such as Ingrid Millet, Skeyndor and Decl\u00e9or, Thalgo, CND, Elemis\u2026 My thirst for knowledge took me to London, where I attended a massage therapist academy, specializing exclusively in Elemis treatments. This journey took me on to work in the US and the Caribbean, where I added international experience to my repertoire \u2013 I have also been trained in advanced body and face contouring techniques, to ensure that the desired look is within reach.<\/p><\/div><\/div><\/div>\t\t\t\t\t\t<\/div>\n\t\t\t\t<\/div>\n\t\t\t\t\t<\/div>\n\t\t<\/div>\n\t\t\t\t<div class=\"elementor-column elementor-col-50 elementor-top-column elementor-element elementor-element-72827e8\" data-id=\"72827e8\" data-element_type=\"column\">\n\t\t\t<div class=\"elementor-widget-wrap elementor-element-populated\">\n\t\t\t\t\t\t<div class=\"elementor-element elementor-element-a3b38ae elementor-widget elementor-widget-image\" data-id=\"a3b38ae\" data-element_type=\"widget\" data-widget_type=\"image.default\">\n\t\t\t\t<div class=\"elementor-widget-container\">\n\t\t\t\t\t\t\t\t\t\t\t\t\t<img decoding=\"async\" width=\"683\" height=\"1024\" src=\"https:\/\/vitalityspa.no\/wp-content\/uploads\/2023\/11\/Untitled-design-2023-11-14T181940.754-683x1024.png\" class=\"attachment-large size-large wp-image-234\" alt=\"\" srcset=\"https:\/\/vitalityspa.no\/wp-content\/uploads\/2023\/11\/Untitled-design-2023-11-14T181940.754-683x1024.png 683w, https:\/\/vitalityspa.no\/wp-content\/uploads\/2023\/11\/Untitled-design-2023-11-14T181940.754-200x300.png 200w, https:\/\/vitalityspa.no\/wp-content\/uploads\/2023\/11\/Untitled-design-2023-11-14T181940.754-768x1152.png 768w, https:\/\/vitalityspa.no\/wp-content\/uploads\/2023\/11\/Untitled-design-2023-11-14T181940.754-8x12.png 8w, https:\/\/vitalityspa.no\/wp-content\/uploads\/2023\/11\/Untitled-design-2023-11-14T181940.754.png 1000w\" sizes=\"(max-width: 683px) 100vw, 683px\" \/>\t\t\t\t\t\t\t\t\t\t\t\t\t<\/div>\n\t\t\t\t<\/div>\n\t\t\t\t\t<\/div>\n\t\t<\/div>\n\t\t\t\t\t<\/div>\n\t\t<\/section>\n\t\t\t\t<section class=\"elementor-section elementor-top-section elementor-element elementor-element-45c6cea elementor-section-boxed elementor-section-height-default elementor-section-height-default\" data-id=\"45c6cea\" data-element_type=\"section\">\n\t\t\t\t\t\t<div class=\"elementor-container elementor-column-gap-default\">\n\t\t\t\t\t<div class=\"elementor-column elementor-col-100 elementor-top-column elementor-element elementor-element-48071a1\" data-id=\"48071a1\" data-element_type=\"column\">\n\t\t\t<div class=\"elementor-widget-wrap elementor-element-populated\">\n\t\t\t\t\t\t<div class=\"elementor-element elementor-element-a272a87 elementor-widget elementor-widget-text-editor\" data-id=\"a272a87\" data-element_type=\"widget\" data-widget_type=\"text-editor.default\">\n\t\t\t\t<div class=\"elementor-widget-container\">\n\t\t\t\t\t\t\t<div class=\"page-section__generator page-section__generator--top g12-xs g11-md g10-lg g8-xl\"><div class=\"page-generator__text page-generator__text--top js-generator-text\"><div id=\"output\" class=\"page-generator__output js-generator-output\"><p>With international experience from work in the USA and the Caribbean, I bring a world of knowledge to Balestrand. I have been the right hand of managers in prestigious 5 star hotels and mastered the art of luxury hospitality.<\/p><p>Now I have chosen to share my wealth of experience with the residents of Balestrand. At Vitality Spa, you can rely on my extensive knowledge and commitment to give you the well-being and rejuvenation you deserve. Welcome to a haven for relaxation, transformation and a personal touch. Your journey to a better you starts here.<\/p><\/div><\/div><\/div>\t\t\t\t\t\t<\/div>\n\t\t\t\t<\/div>\n\t\t\t\t\t<\/div>\n\t\t<\/div>\n\t\t\t\t\t<\/div>\n\t\t<\/section>\n\t\t\t\t<\/div>","protected":false},"excerpt":{"rendered":"<p>Vitality Spa Om oss Vi er glade for \u00e5 fortelle deg at vi har \u00e5pnet Vitality Spa i vakre Balestrand. Omgitt av fantastiske fjell og fjorder, er vi her for \u00e5 tilby deg ikke bare skj\u00f8nnheten i naturen, men ogs\u00e5 et sted \u00e5 slappe av og f\u00f8le bra. Instagram Facebook V\u00e5rt m\u00e5l er \u00e5 gj\u00f8re [&hellip;]<\/p>","protected":false},"author":1,"featured_media":0,"parent":0,"menu_order":0,"comment_status":"closed","ping_status":"closed","template":"","meta":{"rank_math_lock_modified_date":false,"footnotes":""},"class_list":["post-121","page","type-page","status-publish","hentry"],"_links":{"self":[{"href":"https:\/\/vitalityspa.no\/en\/wp-json\/wp\/v2\/pages\/121"}],"collection":[{"href":"https:\/\/vitalityspa.no\/en\/wp-json\/wp\/v2\/pages"}],"about":[{"href":"https:\/\/vitalityspa.no\/en\/wp-json\/wp\/v2\/types\/page"}],"author":[{"embeddable":true,"href":"https:\/\/vitalityspa.no\/en\/wp-json\/wp\/v2\/users\/1"}],"replies":[{"embeddable":true,"href":"https:\/\/vitalityspa.no\/en\/wp-json\/wp\/v2\/comments?post=121"}],"version-history":[{"count":28,"href":"https:\/\/vitalityspa.no\/en\/wp-json\/wp\/v2\/pages\/121\/revisions"}],"predecessor-version":[{"id":645,"href":"https:\/\/vitalityspa.no\/en\/wp-json\/wp\/v2\/pages\/121\/revisions\/645"}],"wp:attachment":[{"href":"https:\/\/vitalityspa.no\/en\/wp-json\/wp\/v2\/media?parent=121"}],"curies":[{"name":"wp","href":"https:\/\/api.w.org\/{rel}","templated":true}]}}